{"id":305,"date":"2018-01-11T17:06:39","date_gmt":"2018-01-11T16:06:39","guid":{"rendered":"https:\/\/allevoegelfliegenhoch.de\/impressum\/"},"modified":"2018-03-01T18:12:02","modified_gmt":"2018-03-01T17:12:02","slug":"imprint","status":"publish","type":"page","link":"https:\/\/allevoegelfliegenhoch.de\/en\/imprint\/","title":{"rendered":"Imprint"},"content":{"rendered":"<p>Angaben gem\u00e4\u00df \u00a7 5 TMG:<\/p>\n<p>ALLE V\u00d6GEL FLIEGEN HOCH<br \/>\nScheffler &amp; Rech GbR<\/p>\n<p>Vertreten durch die Gesch\u00e4ftsf\u00fchrer Claudia Scheffler &amp; Matthias Rech<\/p>\n<p>Kontakt:<\/p>\n<p>Danziger Str. 8<br \/>\n10435 Berlin<br \/>\nTelefon: +49 (0) 30 8954 5252<br \/>\nE-Mail: hallo@allevoegelfliegenhoch.de<\/p>\n<p>Umsatzsteuer-Identifikationsnummer gem\u00e4\u00df \u00a727 a Umsatzsteuergesetz:<br \/>\nUST.-Id.-Nr. DE298515168<\/p>\n<p>Haftungsausschluss (Disclaimer)<\/p>\n<p>Haftung f\u00fcr Inhalte<br \/>\nAls Diensteanbieter sind wir gem\u00e4\u00df \u00a7 7 Abs.1 TMG f\u00fcr eigene Inhalte auf diesen Seiten nach den allgemeinen Gesetzen verantwortlich. Nach \u00a7\u00a7 8 bis 10 TMG sind wir als Diensteanbieter jedoch nicht verpflichtet, \u00fcbermittelte oder gespeicherte fremde Informationen zu \u00fcberwachen oder nach Umst\u00e4nden zu forschen, die auf eine rechtswidrige T\u00e4tigkeit hinweisen. Verpflichtungen zur Entfernung oder Sperrung der Nutzung von Informationen nach den allgemeinen Gesetzen bleiben hiervon unber\u00fchrt. Eine diesbez\u00fcgliche Haftung ist jedoch erst ab dem Zeitpunkt der Kenntnis einer konkreten Rechtsverletzung m\u00f6glich. Bei Bekanntwerden von entsprechenden Rechtsverletzungen werden wir diese Inhalte umgehend entfernen.<\/p>\n<p>Haftung f\u00fcr Links<br \/>\nUnser Angebot enth\u00e4lt Links zu externen Webseiten Dritter, auf deren Inhalte wir keinen Einfluss haben. Deshalb k\u00f6nnen wir f\u00fcr diese fremden Inhalte auch keine Gew\u00e4hr \u00fcbernehmen. F\u00fcr die Inhalte der verlinkten Seiten ist stets der jeweilige Anbieter oder Betreiber der Seiten verantwortlich. Die verlinkten Seiten wurden zum Zeitpunkt der Verlinkung auf m\u00f6gliche Rechtsverst\u00f6\u00dfe \u00fcberpr\u00fcft. Rechtswidrige Inhalte waren zum Zeitpunkt der Verlinkung nicht erkennbar. Eine permanente inhaltliche Kontrolle der verlinkten Seiten ist jedoch ohne konkrete Anhaltspunkte einer Rechtsverletzung nicht zumutbar. Bei Bekanntwerden von Rechtsverletzungen werden wir derartige Links umgehend entfernen.<\/p>\n<p>Urheberrecht<br \/>\nDie durch die Seitenbetreiber erstellten Inhalte und Werke auf diesen Seiten unterliegen dem deutschen Urheberrecht. Die Vervielf\u00e4ltigung, Bearbeitung, Verbreitung und jede Art der Verwertung au\u00dferhalb der Grenzen des Urheberrechtes bed\u00fcrfen der schriftlichen Zustimmung des jeweiligen Autors bzw. Erstellers. Downloads und Kopien dieser Seite sind nur f\u00fcr den privaten, nicht kommerziellen Gebrauch gestattet. Soweit die Inhalte auf dieser Seite nicht vom Betreiber erstellt wurden, werden die Urheberrechte Dritter beachtet. Insbesondere werden Inhalte Dritter als solche gekennzeichnet. Sollten Sie trotzdem auf eine Urheberrechtsverletzung aufmerksam werden, bitten wir um einen entsprechenden Hinweis. Bei Bekanntwerden von Rechtsverletzungen werden wir derartige Inhalte umgehend entfernen.<\/p>\n<p>Quellverweis: eRecht24 Disclaimer,<\/p>\n<p>Datenschutzerkl\u00e4rung:<\/p>\n<p>Die Nutzung unserer Webseite ist in der Regel ohne Angabe personenbezogener Daten m\u00f6glich. Soweit auf unseren Seiten personenbezogene Daten (beispielsweise Name, Anschrift oder eMail-Adressen) erhoben werden, erfolgt dies, soweit m\u00f6glich, stets auf freiwilliger Basis. Diese Daten werden ohne Ihre ausdr\u00fcckliche Zustimmung nicht an Dritte weitergegeben. Wir weisen darauf hin, dass die Daten\u00fcbertragung im Internet (z.B. bei der Kommunikation per E-Mail) Sicherheitsl\u00fccken aufweisen kann. Ein l\u00fcckenloser Schutz der Daten vor dem Zugriff durch Dritte ist nicht m\u00f6glich.<\/p>\n","protected":false},"excerpt":{"rendered":"<p>Angaben gem\u00e4\u00df \u00a7 5 TMG: ALLE V\u00d6GEL FLIEGEN HOCH Scheffler &amp; Rech GbR Vertreten durch die Gesch\u00e4ftsf\u00fchrer Claudia Scheffler &amp; Matthias Rech Kontakt: Danziger Str. 8 10435 Berlin Telefon: +49 (0) 30 8954 5252 E-Mail: hallo@allevoegelfliegenhoch.de Umsatzsteuer-Identifikationsnummer gem\u00e4\u00df \u00a727 a Umsatzsteuergesetz: UST.-Id.-Nr. DE298515168 Haftungsausschluss (Disclaimer) Haftung f\u00fcr Inhalte Als Diensteanbieter sind wir gem\u00e4\u00df \u00a7 7 &hellip; <a href=\"https:\/\/allevoegelfliegenhoch.de\/en\/imprint\/\">Continued<\/a><\/p>\n","protected":false},"author":1,"featured_media":0,"parent":0,"menu_order":0,"comment_status":"closed","ping_status":"closed","template":"","meta":{"footnotes":""},"class_list":["post-305","page","type-page","status-publish","hentry"],"yoast_head":"<!-- This site is optimized with the Yoast SEO plugin v25.1 - https:\/\/yoast.com\/wordpress\/plugins\/seo\/ -->\n<title>Imprint - ALLE V\u00d6GEL FLIEGEN HOCH - Kommunikationsagentur<\/title>\n<meta name=\"robots\" content=\"index, follow, max-snippet:-1, max-image-preview:large, max-video-preview:-1\" \/>\n<link rel=\"canonical\" href=\"https:\/\/allevoegelfliegenhoch.de\/en\/imprint\/\" \/>\n<meta property=\"og:locale\" content=\"en_US\" \/>\n<meta property=\"og:type\" content=\"article\" \/>\n<meta property=\"og:title\" content=\"Imprint - ALLE V\u00d6GEL FLIEGEN HOCH - Kommunikationsagentur\" \/>\n<meta property=\"og:description\" content=\"Angaben gem\u00e4\u00df \u00a7 5 TMG: ALLE V\u00d6GEL FLIEGEN HOCH Scheffler &amp; Rech GbR Vertreten durch die Gesch\u00e4ftsf\u00fchrer Claudia Scheffler &amp; Matthias Rech Kontakt: Danziger Str. 8 10435 Berlin Telefon: +49 (0) 30 8954 5252 E-Mail: hallo@allevoegelfliegenhoch.de Umsatzsteuer-Identifikationsnummer gem\u00e4\u00df \u00a727 a Umsatzsteuergesetz: UST.-Id.-Nr. DE298515168 Haftungsausschluss (Disclaimer) Haftung f\u00fcr Inhalte Als Diensteanbieter sind wir gem\u00e4\u00df \u00a7 7 &hellip; Continued\" \/>\n<meta property=\"og:url\" content=\"https:\/\/allevoegelfliegenhoch.de\/en\/imprint\/\" \/>\n<meta property=\"og:site_name\" content=\"ALLE V\u00d6GEL FLIEGEN HOCH - Kommunikationsagentur\" \/>\n<meta property=\"article:modified_time\" content=\"2018-03-01T17:12:02+00:00\" \/>\n<meta name=\"twitter:card\" content=\"summary_large_image\" \/>\n<meta name=\"twitter:label1\" content=\"Est. reading time\" \/>\n\t<meta name=\"twitter:data1\" content=\"2 minutes\" \/>\n<script type=\"application\/ld+json\" class=\"yoast-schema-graph\">{\"@context\":\"https:\/\/schema.org\",\"@graph\":[{\"@type\":\"WebPage\",\"@id\":\"https:\/\/allevoegelfliegenhoch.de\/en\/imprint\/\",\"url\":\"https:\/\/allevoegelfliegenhoch.de\/en\/imprint\/\",\"name\":\"Imprint - ALLE V\u00d6GEL FLIEGEN HOCH - Kommunikationsagentur\",\"isPartOf\":{\"@id\":\"https:\/\/allevoegelfliegenhoch.de\/en\/#website\"},\"datePublished\":\"2018-01-11T16:06:39+00:00\",\"dateModified\":\"2018-03-01T17:12:02+00:00\",\"breadcrumb\":{\"@id\":\"https:\/\/allevoegelfliegenhoch.de\/en\/imprint\/#breadcrumb\"},\"inLanguage\":\"en-US\",\"potentialAction\":[{\"@type\":\"ReadAction\",\"target\":[\"https:\/\/allevoegelfliegenhoch.de\/en\/imprint\/\"]}]},{\"@type\":\"BreadcrumbList\",\"@id\":\"https:\/\/allevoegelfliegenhoch.de\/en\/imprint\/#breadcrumb\",\"itemListElement\":[{\"@type\":\"ListItem\",\"position\":1,\"name\":\"Home\",\"item\":\"https:\/\/allevoegelfliegenhoch.de\/en\/\"},{\"@type\":\"ListItem\",\"position\":2,\"name\":\"Imprint\"}]},{\"@type\":\"WebSite\",\"@id\":\"https:\/\/allevoegelfliegenhoch.de\/en\/#website\",\"url\":\"https:\/\/allevoegelfliegenhoch.de\/en\/\",\"name\":\"ALLE V\u00d6GEL FLIEGEN HOCH - Kommunikationsagentur\",\"description\":\"Agentur aus Berlin f\u00fcr Kommunikation &amp; Go-2-Market Support\",\"publisher\":{\"@id\":\"https:\/\/allevoegelfliegenhoch.de\/en\/#organization\"},\"potentialAction\":[{\"@type\":\"SearchAction\",\"target\":{\"@type\":\"EntryPoint\",\"urlTemplate\":\"https:\/\/allevoegelfliegenhoch.de\/en\/?s={search_term_string}\"},\"query-input\":{\"@type\":\"PropertyValueSpecification\",\"valueRequired\":true,\"valueName\":\"search_term_string\"}}],\"inLanguage\":\"en-US\"},{\"@type\":\"Organization\",\"@id\":\"https:\/\/allevoegelfliegenhoch.de\/en\/#organization\",\"name\":\"Agentur - ALLE V\u00d6GEL FLIEGEN HOCH\",\"url\":\"https:\/\/allevoegelfliegenhoch.de\/en\/\",\"logo\":{\"@type\":\"ImageObject\",\"inLanguage\":\"en-US\",\"@id\":\"https:\/\/allevoegelfliegenhoch.de\/en\/#\/schema\/logo\/image\/\",\"url\":\"https:\/\/allevoegelfliegenhoch.de\/wp-content\/uploads\/2018\/03\/avfh-logo-rund.png\",\"contentUrl\":\"https:\/\/allevoegelfliegenhoch.de\/wp-content\/uploads\/2018\/03\/avfh-logo-rund.png\",\"width\":149,\"height\":154,\"caption\":\"Agentur - ALLE V\u00d6GEL FLIEGEN HOCH\"},\"image\":{\"@id\":\"https:\/\/allevoegelfliegenhoch.de\/en\/#\/schema\/logo\/image\/\"}}]}<\/script>\n<!-- \/ Yoast SEO plugin. -->","yoast_head_json":{"title":"Imprint - ALLE V\u00d6GEL FLIEGEN HOCH - Kommunikationsagentur","robots":{"index":"index","follow":"follow","max-snippet":"max-snippet:-1","max-image-preview":"max-image-preview:large","max-video-preview":"max-video-preview:-1"},"canonical":"https:\/\/allevoegelfliegenhoch.de\/en\/imprint\/","og_locale":"en_US","og_type":"article","og_title":"Imprint - ALLE V\u00d6GEL FLIEGEN HOCH - Kommunikationsagentur","og_description":"Angaben gem\u00e4\u00df \u00a7 5 TMG: ALLE V\u00d6GEL FLIEGEN HOCH Scheffler &amp; Rech GbR Vertreten durch die Gesch\u00e4ftsf\u00fchrer Claudia Scheffler &amp; Matthias Rech Kontakt: Danziger Str. 8 10435 Berlin Telefon: +49 (0) 30 8954 5252 E-Mail: hallo@allevoegelfliegenhoch.de Umsatzsteuer-Identifikationsnummer gem\u00e4\u00df \u00a727 a Umsatzsteuergesetz: UST.-Id.-Nr. DE298515168 Haftungsausschluss (Disclaimer) Haftung f\u00fcr Inhalte Als Diensteanbieter sind wir gem\u00e4\u00df \u00a7 7 &hellip; Continued","og_url":"https:\/\/allevoegelfliegenhoch.de\/en\/imprint\/","og_site_name":"ALLE V\u00d6GEL FLIEGEN HOCH - Kommunikationsagentur","article_modified_time":"2018-03-01T17:12:02+00:00","twitter_card":"summary_large_image","twitter_misc":{"Est. reading time":"2 minutes"},"schema":{"@context":"https:\/\/schema.org","@graph":[{"@type":"WebPage","@id":"https:\/\/allevoegelfliegenhoch.de\/en\/imprint\/","url":"https:\/\/allevoegelfliegenhoch.de\/en\/imprint\/","name":"Imprint - ALLE V\u00d6GEL FLIEGEN HOCH - Kommunikationsagentur","isPartOf":{"@id":"https:\/\/allevoegelfliegenhoch.de\/en\/#website"},"datePublished":"2018-01-11T16:06:39+00:00","dateModified":"2018-03-01T17:12:02+00:00","breadcrumb":{"@id":"https:\/\/allevoegelfliegenhoch.de\/en\/imprint\/#breadcrumb"},"inLanguage":"en-US","potentialAction":[{"@type":"ReadAction","target":["https:\/\/allevoegelfliegenhoch.de\/en\/imprint\/"]}]},{"@type":"BreadcrumbList","@id":"https:\/\/allevoegelfliegenhoch.de\/en\/imprint\/#breadcrumb","itemListElement":[{"@type":"ListItem","position":1,"name":"Home","item":"https:\/\/allevoegelfliegenhoch.de\/en\/"},{"@type":"ListItem","position":2,"name":"Imprint"}]},{"@type":"WebSite","@id":"https:\/\/allevoegelfliegenhoch.de\/en\/#website","url":"https:\/\/allevoegelfliegenhoch.de\/en\/","name":"ALLE V\u00d6GEL FLIEGEN HOCH - Kommunikationsagentur","description":"Agentur aus Berlin f\u00fcr Kommunikation &amp; Go-2-Market Support","publisher":{"@id":"https:\/\/allevoegelfliegenhoch.de\/en\/#organization"},"potentialAction":[{"@type":"SearchAction","target":{"@type":"EntryPoint","urlTemplate":"https:\/\/allevoegelfliegenhoch.de\/en\/?s={search_term_string}"},"query-input":{"@type":"PropertyValueSpecification","valueRequired":true,"valueName":"search_term_string"}}],"inLanguage":"en-US"},{"@type":"Organization","@id":"https:\/\/allevoegelfliegenhoch.de\/en\/#organization","name":"Agentur - ALLE V\u00d6GEL FLIEGEN HOCH","url":"https:\/\/allevoegelfliegenhoch.de\/en\/","logo":{"@type":"ImageObject","inLanguage":"en-US","@id":"https:\/\/allevoegelfliegenhoch.de\/en\/#\/schema\/logo\/image\/","url":"https:\/\/allevoegelfliegenhoch.de\/wp-content\/uploads\/2018\/03\/avfh-logo-rund.png","contentUrl":"https:\/\/allevoegelfliegenhoch.de\/wp-content\/uploads\/2018\/03\/avfh-logo-rund.png","width":149,"height":154,"caption":"Agentur - ALLE V\u00d6GEL FLIEGEN HOCH"},"image":{"@id":"https:\/\/allevoegelfliegenhoch.de\/en\/#\/schema\/logo\/image\/"}}]}},"_links":{"self":[{"href":"https:\/\/allevoegelfliegenhoch.de\/en\/wp-json\/wp\/v2\/pages\/305","targetHints":{"allow":["GET"]}}],"collection":[{"href":"https:\/\/allevoegelfliegenhoch.de\/en\/wp-json\/wp\/v2\/pages"}],"about":[{"href":"https:\/\/allevoegelfliegenhoch.de\/en\/wp-json\/wp\/v2\/types\/page"}],"author":[{"embeddable":true,"href":"https:\/\/allevoegelfliegenhoch.de\/en\/wp-json\/wp\/v2\/users\/1"}],"replies":[{"embeddable":true,"href":"https:\/\/allevoegelfliegenhoch.de\/en\/wp-json\/wp\/v2\/comments?post=305"}],"version-history":[{"count":2,"href":"https:\/\/allevoegelfliegenhoch.de\/en\/wp-json\/wp\/v2\/pages\/305\/revisions"}],"predecessor-version":[{"id":719,"href":"https:\/\/allevoegelfliegenhoch.de\/en\/wp-json\/wp\/v2\/pages\/305\/revisions\/719"}],"wp:attachment":[{"href":"https:\/\/allevoegelfliegenhoch.de\/en\/wp-json\/wp\/v2\/media?parent=305"}],"curies":[{"name":"wp","href":"https:\/\/api.w.org\/{rel}","templated":true}]}}